{"id":991799,"date":"2025-01-17T14:17:30","date_gmt":"2025-01-17T14:17:30","guid":{"rendered":"https:\/\/tecus-net.com\/?post_type=product&#038;p=991799"},"modified":"2025-01-17T14:19:41","modified_gmt":"2025-01-17T14:19:41","slug":"s-a-e-r-a-engineerring-servizi-attivita-estrattive-recuperi-ambientali","status":"publish","type":"product","link":"https:\/\/tecus-net.com\/en\/prodotto\/s-a-e-r-a-engineerring-servizi-attivita-estrattive-recuperi-ambientali\/","title":{"rendered":"S.A.E.R.A. ENGINEERRING &#8211; Servizi Attivit\u00e0 Estrattive Recuperi Ambientali"},"content":{"rendered":"<p><span id=\"copy-emoji\" class=\"efont\">\ud83c\uddee\ud83c\uddf9<\/span> Operante sull\u2019 intero territorio nazionale, fornisce servizi tecnici e consulenze per conto di Imprese, professionisti, Enti Pubblici e Strutture Universitarie, per tutte quelle opere da realizzarsi in ambito territoriale, eseguendo servizi e consulenze di settore, indagini geognostiche e campagne geofisiche, integrando analisi di dati storici e fotorilevati, rilievi topografici, studi geomorfologici e sedimentologici per soddisfare, su di un ampio range di competenze, le richieste della committenza.<\/p>\n<p>Punto di forza della S.A.E.R.A. \u00e8 incentrato sulla consolidata esperienza della gestione di Attivit\u00e0 Estrattive (cave e miniere), tanto da vantare collaborazioni consolidate con le pi\u00f9 grandi realt\u00e0 operanti nel settore.<\/p>\n<p>&nbsp;<\/p>\n<p>\ud83c\uddec\ud83c\udde7 Operating across the entire italian territory, it provides technical services and consultancy on behalf of companies, professionals, public entities, and university institutions for all projects to be carried out in territorial contexts. It performs sector-specific services and consultancy, geognostic investigations, and geophysical campaigns, integrating analyses of historical and aerial survey data, topographic surveys, geomorphological and sedimentological studies to meet client demands across a wide range of competencies.<\/p>\n<p>The core strength of S.A.E.R.A. lies in its extensive experience in managing extractive activities (quarries and mines), boasting established collaborations with the largest entities operating in the sector.<\/p>\n<p>&nbsp;<\/p>\n<p>MAIL: info@saera.it<\/p>\n","protected":false},"excerpt":{"rendered":"<p>\ud83c\uddee\ud83c\uddf9 Operante sull\u2019 intero territorio nazionale, fornisce servizi tecnici e consulenze per conto di Imprese, professionisti, Enti Pubblici e Strutture<\/p>\n","protected":false},"featured_media":990603,"comment_status":"open","ping_status":"closed","template":"","meta":[],"product_cat":[224],"product_tag":[],"class_list":{"0":"post-991799","1":"product","2":"type-product","3":"status-publish","4":"has-post-thumbnail","6":"product_cat-servizi","7":"pa_brand-s-a-e-r-a-engineering","9":"first","10":"instock","11":"shipping-taxable","12":"product-type-simple"},"yoast_head":"<!-- This site is optimized with the Yoast SEO plugin v22.4 - https:\/\/yoast.com\/wordpress\/plugins\/seo\/ -->\n<title>S.A.E.R.A. ENGINEERRING - Servizi Attivit\u00e0 Estrattive Recuperi Ambientali - Tecus<\/title>\n<meta name=\"robots\" content=\"index, follow, max-snippet:-1, max-image-preview:large, max-video-preview:-1\" \/>\n<link rel=\"canonical\" href=\"https:\/\/tecus-net.com\/en\/prodotto\/s-a-e-r-a-engineerring-servizi-attivita-estrattive-recuperi-ambientali\/\" \/>\n<meta property=\"og:locale\" content=\"en_US\" \/>\n<meta property=\"og:type\" content=\"article\" \/>\n<meta property=\"og:title\" content=\"S.A.E.R.A. ENGINEERRING - Servizi Attivit\u00e0 Estrattive Recuperi Ambientali - Tecus\" \/>\n<meta property=\"og:description\" content=\"\ud83c\uddee\ud83c\uddf9 Operante sull\u2019 intero territorio nazionale, fornisce servizi tecnici e consulenze per conto di Imprese, professionisti, Enti Pubblici e Strutture\" \/>\n<meta property=\"og:url\" content=\"https:\/\/tecus-net.com\/en\/prodotto\/s-a-e-r-a-engineerring-servizi-attivita-estrattive-recuperi-ambientali\/\" \/>\n<meta property=\"og:site_name\" content=\"Tecus\" \/>\n<meta property=\"article:modified_time\" content=\"2025-01-17T14:19:41+00:00\" \/>\n<meta property=\"og:image\" content=\"https:\/\/tecus-net.com\/wp-content\/uploads\/2024\/08\/Logo_Saera_Acronimo1.png\" \/>\n\t<meta property=\"og:image:width\" content=\"707\" \/>\n\t<meta property=\"og:image:height\" content=\"200\" \/>\n\t<meta property=\"og:image:type\" content=\"image\/png\" \/>\n<meta name=\"twitter:card\" content=\"summary_large_image\" \/>\n<meta name=\"twitter:label1\" content=\"Est. reading time\" \/>\n\t<meta name=\"twitter:data1\" content=\"2 minutes\" \/>\n<script type=\"application\/ld+json\" class=\"yoast-schema-graph\">{\"@context\":\"https:\/\/schema.org\",\"@graph\":[{\"@type\":\"WebPage\",\"@id\":\"https:\/\/tecus-net.com\/en\/prodotto\/s-a-e-r-a-engineerring-servizi-attivita-estrattive-recuperi-ambientali\/\",\"url\":\"https:\/\/tecus-net.com\/en\/prodotto\/s-a-e-r-a-engineerring-servizi-attivita-estrattive-recuperi-ambientali\/\",\"name\":\"S.A.E.R.A. ENGINEERRING - Servizi Attivit\u00e0 Estrattive Recuperi Ambientali - Tecus\",\"isPartOf\":{\"@id\":\"https:\/\/tecus-net.com\/en\/#website\"},\"primaryImageOfPage\":{\"@id\":\"https:\/\/tecus-net.com\/en\/prodotto\/s-a-e-r-a-engineerring-servizi-attivita-estrattive-recuperi-ambientali\/#primaryimage\"},\"image\":{\"@id\":\"https:\/\/tecus-net.com\/en\/prodotto\/s-a-e-r-a-engineerring-servizi-attivita-estrattive-recuperi-ambientali\/#primaryimage\"},\"thumbnailUrl\":\"https:\/\/tecus-net.com\/wp-content\/uploads\/2024\/08\/Logo_Saera_Acronimo1.png\",\"datePublished\":\"2025-01-17T14:17:30+00:00\",\"dateModified\":\"2025-01-17T14:19:41+00:00\",\"breadcrumb\":{\"@id\":\"https:\/\/tecus-net.com\/en\/prodotto\/s-a-e-r-a-engineerring-servizi-attivita-estrattive-recuperi-ambientali\/#breadcrumb\"},\"inLanguage\":\"en-US\",\"potentialAction\":[{\"@type\":\"ReadAction\",\"target\":[\"https:\/\/tecus-net.com\/en\/prodotto\/s-a-e-r-a-engineerring-servizi-attivita-estrattive-recuperi-ambientali\/\"]}]},{\"@type\":\"ImageObject\",\"inLanguage\":\"en-US\",\"@id\":\"https:\/\/tecus-net.com\/en\/prodotto\/s-a-e-r-a-engineerring-servizi-attivita-estrattive-recuperi-ambientali\/#primaryimage\",\"url\":\"https:\/\/tecus-net.com\/wp-content\/uploads\/2024\/08\/Logo_Saera_Acronimo1.png\",\"contentUrl\":\"https:\/\/tecus-net.com\/wp-content\/uploads\/2024\/08\/Logo_Saera_Acronimo1.png\",\"width\":707,\"height\":200},{\"@type\":\"BreadcrumbList\",\"@id\":\"https:\/\/tecus-net.com\/en\/prodotto\/s-a-e-r-a-engineerring-servizi-attivita-estrattive-recuperi-ambientali\/#breadcrumb\",\"itemListElement\":[{\"@type\":\"ListItem\",\"position\":1,\"name\":\"Home\",\"item\":\"https:\/\/tecus-net.com\/en\/\"},{\"@type\":\"ListItem\",\"position\":2,\"name\":\"All products\",\"item\":\"https:\/\/tecus-net.com\/en\/shop\/\"},{\"@type\":\"ListItem\",\"position\":3,\"name\":\"S.A.E.R.A. ENGINEERRING &#8211; Servizi Attivit\u00e0 Estrattive Recuperi Ambientali\"}]},{\"@type\":\"WebSite\",\"@id\":\"https:\/\/tecus-net.com\/en\/#website\",\"url\":\"https:\/\/tecus-net.com\/en\/\",\"name\":\"Tecus\",\"description\":\"\",\"publisher\":{\"@id\":\"https:\/\/tecus-net.com\/en\/#organization\"},\"potentialAction\":[{\"@type\":\"SearchAction\",\"target\":{\"@type\":\"EntryPoint\",\"urlTemplate\":\"https:\/\/tecus-net.com\/en\/?s={search_term_string}\"},\"query-input\":\"required name=search_term_string\"}],\"inLanguage\":\"en-US\"},{\"@type\":\"Organization\",\"@id\":\"https:\/\/tecus-net.com\/en\/#organization\",\"name\":\"Tecus\",\"url\":\"https:\/\/tecus-net.com\/en\/\",\"logo\":{\"@type\":\"ImageObject\",\"inLanguage\":\"en-US\",\"@id\":\"https:\/\/tecus-net.com\/en\/#\/schema\/logo\/image\/\",\"url\":\"https:\/\/tecus-net.com\/wp-content\/uploads\/2024\/04\/Risorsa-2@2x.png\",\"contentUrl\":\"https:\/\/tecus-net.com\/wp-content\/uploads\/2024\/04\/Risorsa-2@2x.png\",\"width\":567,\"height\":92,\"caption\":\"Tecus\"},\"image\":{\"@id\":\"https:\/\/tecus-net.com\/en\/#\/schema\/logo\/image\/\"}}]}<\/script>\n<!-- \/ Yoast SEO plugin. -->","yoast_head_json":{"title":"S.A.E.R.A. ENGINEERRING - Servizi Attivit\u00e0 Estrattive Recuperi Ambientali - Tecus","robots":{"index":"index","follow":"follow","max-snippet":"max-snippet:-1","max-image-preview":"max-image-preview:large","max-video-preview":"max-video-preview:-1"},"canonical":"https:\/\/tecus-net.com\/en\/prodotto\/s-a-e-r-a-engineerring-servizi-attivita-estrattive-recuperi-ambientali\/","og_locale":"en_US","og_type":"article","og_title":"S.A.E.R.A. ENGINEERRING - Servizi Attivit\u00e0 Estrattive Recuperi Ambientali - Tecus","og_description":"\ud83c\uddee\ud83c\uddf9 Operante sull\u2019 intero territorio nazionale, fornisce servizi tecnici e consulenze per conto di Imprese, professionisti, Enti Pubblici e Strutture","og_url":"https:\/\/tecus-net.com\/en\/prodotto\/s-a-e-r-a-engineerring-servizi-attivita-estrattive-recuperi-ambientali\/","og_site_name":"Tecus","article_modified_time":"2025-01-17T14:19:41+00:00","og_image":[{"width":707,"height":200,"url":"https:\/\/tecus-net.com\/wp-content\/uploads\/2024\/08\/Logo_Saera_Acronimo1.png","type":"image\/png"}],"twitter_card":"summary_large_image","twitter_misc":{"Est. reading time":"2 minutes"},"schema":{"@context":"https:\/\/schema.org","@graph":[{"@type":"WebPage","@id":"https:\/\/tecus-net.com\/en\/prodotto\/s-a-e-r-a-engineerring-servizi-attivita-estrattive-recuperi-ambientali\/","url":"https:\/\/tecus-net.com\/en\/prodotto\/s-a-e-r-a-engineerring-servizi-attivita-estrattive-recuperi-ambientali\/","name":"S.A.E.R.A. ENGINEERRING - Servizi Attivit\u00e0 Estrattive Recuperi Ambientali - Tecus","isPartOf":{"@id":"https:\/\/tecus-net.com\/en\/#website"},"primaryImageOfPage":{"@id":"https:\/\/tecus-net.com\/en\/prodotto\/s-a-e-r-a-engineerring-servizi-attivita-estrattive-recuperi-ambientali\/#primaryimage"},"image":{"@id":"https:\/\/tecus-net.com\/en\/prodotto\/s-a-e-r-a-engineerring-servizi-attivita-estrattive-recuperi-ambientali\/#primaryimage"},"thumbnailUrl":"https:\/\/tecus-net.com\/wp-content\/uploads\/2024\/08\/Logo_Saera_Acronimo1.png","datePublished":"2025-01-17T14:17:30+00:00","dateModified":"2025-01-17T14:19:41+00:00","breadcrumb":{"@id":"https:\/\/tecus-net.com\/en\/prodotto\/s-a-e-r-a-engineerring-servizi-attivita-estrattive-recuperi-ambientali\/#breadcrumb"},"inLanguage":"en-US","potentialAction":[{"@type":"ReadAction","target":["https:\/\/tecus-net.com\/en\/prodotto\/s-a-e-r-a-engineerring-servizi-attivita-estrattive-recuperi-ambientali\/"]}]},{"@type":"ImageObject","inLanguage":"en-US","@id":"https:\/\/tecus-net.com\/en\/prodotto\/s-a-e-r-a-engineerring-servizi-attivita-estrattive-recuperi-ambientali\/#primaryimage","url":"https:\/\/tecus-net.com\/wp-content\/uploads\/2024\/08\/Logo_Saera_Acronimo1.png","contentUrl":"https:\/\/tecus-net.com\/wp-content\/uploads\/2024\/08\/Logo_Saera_Acronimo1.png","width":707,"height":200},{"@type":"BreadcrumbList","@id":"https:\/\/tecus-net.com\/en\/prodotto\/s-a-e-r-a-engineerring-servizi-attivita-estrattive-recuperi-ambientali\/#breadcrumb","itemListElement":[{"@type":"ListItem","position":1,"name":"Home","item":"https:\/\/tecus-net.com\/en\/"},{"@type":"ListItem","position":2,"name":"All products","item":"https:\/\/tecus-net.com\/en\/shop\/"},{"@type":"ListItem","position":3,"name":"S.A.E.R.A. ENGINEERRING &#8211; Servizi Attivit\u00e0 Estrattive Recuperi Ambientali"}]},{"@type":"WebSite","@id":"https:\/\/tecus-net.com\/en\/#website","url":"https:\/\/tecus-net.com\/en\/","name":"Tecus","description":"","publisher":{"@id":"https:\/\/tecus-net.com\/en\/#organization"},"potentialAction":[{"@type":"SearchAction","target":{"@type":"EntryPoint","urlTemplate":"https:\/\/tecus-net.com\/en\/?s={search_term_string}"},"query-input":"required name=search_term_string"}],"inLanguage":"en-US"},{"@type":"Organization","@id":"https:\/\/tecus-net.com\/en\/#organization","name":"Tecus","url":"https:\/\/tecus-net.com\/en\/","logo":{"@type":"ImageObject","inLanguage":"en-US","@id":"https:\/\/tecus-net.com\/en\/#\/schema\/logo\/image\/","url":"https:\/\/tecus-net.com\/wp-content\/uploads\/2024\/04\/Risorsa-2@2x.png","contentUrl":"https:\/\/tecus-net.com\/wp-content\/uploads\/2024\/04\/Risorsa-2@2x.png","width":567,"height":92,"caption":"Tecus"},"image":{"@id":"https:\/\/tecus-net.com\/en\/#\/schema\/logo\/image\/"}}]}},"_links":{"self":[{"href":"https:\/\/tecus-net.com\/en\/wp-json\/wp\/v2\/product\/991799","targetHints":{"allow":["GET"]}}],"collection":[{"href":"https:\/\/tecus-net.com\/en\/wp-json\/wp\/v2\/product"}],"about":[{"href":"https:\/\/tecus-net.com\/en\/wp-json\/wp\/v2\/types\/product"}],"replies":[{"embeddable":true,"href":"https:\/\/tecus-net.com\/en\/wp-json\/wp\/v2\/comments?post=991799"}],"version-history":[{"count":3,"href":"https:\/\/tecus-net.com\/en\/wp-json\/wp\/v2\/product\/991799\/revisions"}],"predecessor-version":[{"id":991802,"href":"https:\/\/tecus-net.com\/en\/wp-json\/wp\/v2\/product\/991799\/revisions\/991802"}],"wp:featuredmedia":[{"embeddable":true,"href":"https:\/\/tecus-net.com\/en\/wp-json\/wp\/v2\/media\/990603"}],"wp:attachment":[{"href":"https:\/\/tecus-net.com\/en\/wp-json\/wp\/v2\/media?parent=991799"}],"wp:term":[{"taxonomy":"product_cat","embeddable":true,"href":"https:\/\/tecus-net.com\/en\/wp-json\/wp\/v2\/product_cat?post=991799"},{"taxonomy":"product_tag","embeddable":true,"href":"https:\/\/tecus-net.com\/en\/wp-json\/wp\/v2\/product_tag?post=991799"}],"curies":[{"name":"wp","href":"https:\/\/api.w.org\/{rel}","templated":true}]}}